{"id":707,"date":"2023-11-26T09:52:23","date_gmt":"2023-11-26T09:52:23","guid":{"rendered":"https:\/\/uwlevensloopcoach.nl\/?page_id=707"},"modified":"2024-12-09T00:09:17","modified_gmt":"2024-12-09T00:09:17","slug":"coaching-to-go","status":"publish","type":"page","link":"https:\/\/uwlevensloopcoach.nl\/index.php\/coaching-to-go\/","title":{"rendered":"Coaching &#8220;to go&#8221;"},"content":{"rendered":"\n<p><\/p>\n\n\n\n<div class=\"wp-block-columns is-layout-flex wp-container-core-columns-is-layout-28f84493 wp-block-columns-is-layout-flex\">\n<div class=\"wp-block-column is-layout-flow wp-block-column-is-layout-flow\" style=\"flex-basis:66.66%\">\n<p>Werk jij als jurist of andere hoogopgeleide professional en loop je tegen werk gerelateerde problemen aan waar je zelf niet \u00e9\u00e9n-twee-drie uitkomt? Zit je daarbij ook nog bijna de hele dag achter een bureau? Dan zijn dat twee ingredi\u00ebnten die ertoe kunnen leiden dat je gezondheidsklachten krijgt. Dat wil je natuurlijk niet, maar wat doe je er aan?<\/p>\n\n\n\n<p>Als je op die stoel blijft zitten verandert er niets, dat is wel duidelijk. Maar de stap zetten om er iets aan te veranderen kan lastig voor je zijn. Wil je daar eens over van gedachten wisselen met een ervaren coach die al heel veel juristen (en anderen) zoals jij begeleid heeft en dat dan meteen maar doen in een natuurlijke omgeving? Even weg van werk en thuis, waardoor je jezelf in een andere modus brengt.<\/p>\n\n\n\n<p>Het voordeel van wandelen in de natuur is dat je veel makkelijker je beslommeringen even los kunt laten. De natuur heeft een kalmerend effect op je brein. En door beweging komen er endorfines vrij die je stresslevel verlagen, waardoor je beter ontspant en je stemming verbetert. Hierdoor kun je je gedachten beter ordenen en nieuwe idee\u00ebn ontwikkelen waardoor je letterlijk stappen kunt zetten naar een oplossing.<\/p>\n\n\n\n<p>Als bovenstaande je wat lijkt, kunnen we hieronder een afspraak maken. Neem je wel je wandelschoenen mee? Het kan wat drassig zijn.<\/p>\n<\/div>\n\n\n\n<div class=\"wp-block-column is-layout-flow wp-block-column-is-layout-flow\" style=\"flex-basis:33.33%\"><div class=\"wp-block-image\">\n<figure class=\"aligncenter size-large\"><img loading=\"lazy\" decoding=\"async\" width=\"683\" height=\"1024\" src=\"https:\/\/uwlevensloopcoach.nl\/wp-content\/uploads\/2024\/04\/bospadlageresolutie-25-683x1024.jpg\" alt=\"\" class=\"wp-image-942\"\/><\/figure>\n<\/div><\/div>\n<\/div>\n\n\n\n<h2 class=\"wp-block-heading has-accent-color has-text-color has-link-color wp-elements-6df97a4168683980f1b7e580613f88e7\">Wat kost het?<\/h2>\n\n\n\n<p>We zijn ongeveer anderhalf uur op pad met een korte tussenstop voor \u20ac 149,-<\/p>\n\n\n\n<div class=\"wp-block-buttons is-layout-flex wp-block-buttons-is-layout-flex\">\n<div class=\"wp-block-button\"><a class=\"wp-block-button__link has-accent-background-color has-background wp-element-button\" href=\"https:\/\/outlook.office365.com\/owa\/calendar\/UwLevensloopcoach@uwlevensloopcoach.nl\/bookings\/\" style=\"border-radius:0px\">Ge\u00efnteresseerd? Maak meteen een afspraak!<\/a><\/div>\n<\/div>\n\n\n\n<p>En mocht je liever een coachtraject volgen waarbij we dieper kunnen ingaan op de problematiek waarvoor je een oplossing zoekt, kijk dan eens op pagina: <a href=\"https:\/\/uwlevensloopcoach.nl\/index.php\/coaching\" target=\"_blank\" rel=\"noopener\" title=\"Levensloopcoaching\">https:\/\/uwlevensloopcoach.nl\/index.php\/coaching<\/a><\/p>\n\n\n\n<p><\/p>\n","protected":false},"excerpt":{"rendered":"<p>Werk jij als jurist of andere hoogopgeleide professional en loop je tegen werk gerelateerde problemen aan waar je zelf niet \u00e9\u00e9n-twee-drie uitkomt? Zit je daarbij ook nog bijna de hele dag achter een bureau? Dan zijn dat twee ingredi\u00ebnten die ertoe kunnen leiden dat je gezondheidsklachten krijgt. Dat wil je [&hellip;]<\/p>\n","protected":false},"author":2,"featured_media":86,"parent":0,"menu_order":0,"comment_status":"closed","ping_status":"closed","template":"","meta":{"footnotes":""},"class_list":["post-707","page","type-page","status-publish","has-post-thumbnail","hentry"],"aioseo_notices":[],"_links":{"self":[{"href":"https:\/\/uwlevensloopcoach.nl\/index.php\/wp-json\/wp\/v2\/pages\/707","targetHints":{"allow":["GET"]}}],"collection":[{"href":"https:\/\/uwlevensloopcoach.nl\/index.php\/wp-json\/wp\/v2\/pages"}],"about":[{"href":"https:\/\/uwlevensloopcoach.nl\/index.php\/wp-json\/wp\/v2\/types\/page"}],"author":[{"embeddable":true,"href":"https:\/\/uwlevensloopcoach.nl\/index.php\/wp-json\/wp\/v2\/users\/2"}],"replies":[{"embeddable":true,"href":"https:\/\/uwlevensloopcoach.nl\/index.php\/wp-json\/wp\/v2\/comments?post=707"}],"version-history":[{"count":21,"href":"https:\/\/uwlevensloopcoach.nl\/index.php\/wp-json\/wp\/v2\/pages\/707\/revisions"}],"predecessor-version":[{"id":1097,"href":"https:\/\/uwlevensloopcoach.nl\/index.php\/wp-json\/wp\/v2\/pages\/707\/revisions\/1097"}],"wp:featuredmedia":[{"embeddable":true,"href":"https:\/\/uwlevensloopcoach.nl\/index.php\/wp-json\/wp\/v2\/media\/86"}],"wp:attachment":[{"href":"https:\/\/uwlevensloopcoach.nl\/index.php\/wp-json\/wp\/v2\/media?parent=707"}],"curies":[{"name":"wp","href":"https:\/\/api.w.org\/{rel}","templated":true}]}}